{"id":4829,"date":"2024-12-25T14:46:32","date_gmt":"2024-12-25T11:46:32","guid":{"rendered":"https:\/\/www.the10pm.com\/?post_type=product&#038;p=4829"},"modified":"2026-01-22T14:10:24","modified_gmt":"2026-01-22T11:10:24","slug":"pure-glow-gift-pack","status":"publish","type":"product","link":"https:\/\/www.the10pm.com\/en\/product\/pure-glow-gift-pack\/","title":{"rendered":"Pure Glow Gift Pack"},"content":{"rendered":"<p>[vc_row equal_height=&#8221;yes&#8221; content_placement=&#8221;middle&#8221;][vc_column][vc_column_text]Tussah ipe\u011fi ve Neroli ya\u011f\u0131 ile %100 do\u011fal olarak elde haz\u0131rlanan 10pm Naturals Silk Glow Soap, cildinizi derinlemesine yemizlerken \u00fcst\u00fcn nem tutma \u00f6zelli\u011fi sayesinde nemlendirir ve yumu\u015fat\u0131r. Neroli ya\u011f\u0131n\u0131n Shea Butter ve Hindistan Cevizi ya\u011f\u0131 ile desteklenmi\u015ftir.<\/p>\n<p class=\"cvGsUA direction-ltr align-center para-style-body\"><span class=\"OYPEnA text-decoration-none text-strikethrough-none\">T\u00fcrk Hamam\u0131 rit\u00fcelinden esinlenerek tasarlanan 10pm Naturals %100 \u0130pek Y\u00fcz ve V\u00fccut kesesi, nazik ancak etkili bir peeling deneyimi ya\u015faman\u0131z i\u00e7in %100 saf T\u00fcrk ipe\u011fi ile elde \u00fcretilmi\u015ftir.\u00a0<\/span><\/p>\n<p>Hatay\u2019\u0131n k\u00f6kl\u00fc el dokuma gelene\u011fini ya\u015fatan kara tezgahlarda, %100 do\u011fal pamuktan \u00fcretilen pe\u015ftemallerimiz, size hem \u015f\u0131kl\u0131\u011f\u0131 hem de do\u011fall\u0131\u011f\u0131 bir arada sunuyor. Her biri titizlikle elde dokunan bu \u00f6zel \u00fcr\u00fcnler bir zanaatk\u00e2rl\u0131k miras\u0131d\u0131r.<\/p>\n<p>Cildinize dost, nefes alabilen yap\u0131s\u0131yla yaz\u0131n sahilde, banyoda veya evinizin her k\u00f6\u015fesinde rahatl\u0131kla kullanabilece\u011finiz pe\u015ftemallerimiz, geleneksel dokuma teknikleriyle modern tasar\u0131m\u0131 bulu\u015fturuyor.[\/vc_column_text][\/vc_column][\/vc_row]<\/p>\n","protected":false},"excerpt":{"rendered":"<p>Do\u011fal bir \u0131\u015f\u0131lt\u0131 ve yumu\u015fac\u0131k bir dokunu\u015f\u2026<\/p>\n<p>Pure Glow Gift Pack, ipek sabunun narin temizli\u011fi, ipek scrub\u2019\u0131n canland\u0131r\u0131c\u0131 etkisi ve %100 pamuk pe\u015ftemalin zarafetiyle do\u011fadan gelen bir do\u011fal bir spa deneyimi ve do\u011fal parlakl\u0131k sunuyor.<\/p>\n<p>1 adet glow ipek sabunu, 1 adet ipek glow scrub ve 1 adet %100 pamuk pe\u015ftemaldan olu\u015fmaktad\u0131r.<\/p>\n","protected":false},"featured_media":4831,"comment_status":"closed","ping_status":"closed","template":"","meta":{"om_disable_all_campaigns":false},"product_brand":[],"product_cat":[82,79],"product_tag":[],"class_list":{"0":"post-4829","1":"product","2":"type-product","3":"status-publish","4":"has-post-thumbnail","6":"product_cat-beauty-sets","7":"product_cat-guzellik-setleri","9":"first","10":"instock","11":"sale","12":"taxable","13":"shipping-taxable","14":"purchasable","15":"product-type-simple"},"_links":{"self":[{"href":"https:\/\/www.the10pm.com\/en\/wp-json\/wp\/v2\/product\/4829","targetHints":{"allow":["GET"]}}],"collection":[{"href":"https:\/\/www.the10pm.com\/en\/wp-json\/wp\/v2\/product"}],"about":[{"href":"https:\/\/www.the10pm.com\/en\/wp-json\/wp\/v2\/types\/product"}],"replies":[{"embeddable":true,"href":"https:\/\/www.the10pm.com\/en\/wp-json\/wp\/v2\/comments?post=4829"}],"wp:featuredmedia":[{"embeddable":true,"href":"https:\/\/www.the10pm.com\/en\/wp-json\/wp\/v2\/media\/4831"}],"wp:attachment":[{"href":"https:\/\/www.the10pm.com\/en\/wp-json\/wp\/v2\/media?parent=4829"}],"wp:term":[{"taxonomy":"product_brand","embeddable":true,"href":"https:\/\/www.the10pm.com\/en\/wp-json\/wp\/v2\/product_brand?post=4829"},{"taxonomy":"product_cat","embeddable":true,"href":"https:\/\/www.the10pm.com\/en\/wp-json\/wp\/v2\/product_cat?post=4829"},{"taxonomy":"product_tag","embeddable":true,"href":"https:\/\/www.the10pm.com\/en\/wp-json\/wp\/v2\/product_tag?post=4829"}],"curies":[{"name":"wp","href":"https:\/\/api.w.org\/{rel}","templated":true}]}}