{"id":3865,"date":"2021-02-18T17:18:15","date_gmt":"2021-02-18T14:18:15","guid":{"rendered":"https:\/\/www.the10pm.com\/product\/guzellik-seti-city\/"},"modified":"2026-01-22T13:18:55","modified_gmt":"2026-01-22T10:18:55","slug":"guzellik-seti-city","status":"publish","type":"product","link":"https:\/\/www.the10pm.com\/en\/product\/guzellik-seti-city\/","title":{"rendered":"City"},"content":{"rendered":"<p>[vc_row equal_height=&#8221;yes&#8221; content_placement=&#8221;middle&#8221;][vc_column][vc_column_text]Her bir 10pm \u00fcr\u00fcn\u00fcnde <a href=\"\/the10pm\/oeko-tex\/\"><u>Uluslararas\u0131<\/u> <u>Oeko-Tex<\/u><u>\u00ae Standard 100<\/u><\/a> sertifikal\u0131 en y\u00fcksek kaliteli malzemeler kullan\u0131lmaktad\u0131r. \u00dcretim s\u00fcrecinde hi\u00e7bir zararl\u0131 boya ve toksik kimyasal madde\u00a0 kullan\u0131lmayan 10pm yast\u0131k k\u0131l\u0131flar\u0131, uzun s\u00fcreli kullan\u0131m ve makinede y\u0131kanabilir \u015fekilde tasarlanm\u0131\u015ft\u0131r.<\/p>\n<ul>\n<li>Do\u011fal anti-emici nitelikler sa\u00e7 ve cildinizdeki nem kayb\u0131n\u0131 azalt\u0131r.<\/li>\n<li>Uyku esnas\u0131nda s\u00fcrt\u00fcnmeyi azaltarak k\u0131r\u0131\u015f\u0131kl\u0131k olu\u015fumunu engellemeye yard\u0131mc\u0131 olur.<\/li>\n<li>Saf ipek uyku maskemiz uykunuz i\u00e7in gerekli tam karanl\u0131\u011f\u0131 sa\u011flayarak uykunuzun b\u00f6l\u00fcnmesini engeller.<\/li>\n<li>\u0130pe\u011fin do\u011fal anti-emici nitelikleri nem kayb\u0131n\u0131 azalt\u0131r ve g\u00f6z kreminizi emmeyerek etki s\u00fcresini uzat\u0131r.<\/li>\n<li>G\u00f6z \u00e7evresinin hassas dokusu i\u00e7in gerekli olan cilt bak\u0131m\u0131n\u0131 yaparak ince \u00e7izgileri, k\u0131r\u0131\u015f\u0131kl\u0131klar\u0131 ve morluklar\u0131 azalt\u0131r<\/li>\n<li>Do\u011fal olarak hipoalerjeniktir ve nefes alabilir, v\u00fccut \u0131s\u0131n\u0131z\u0131 d\u00fczenlemeye yard\u0131mc\u0131 olur<\/li>\n<\/ul>\n<p>\u00d6zen kar\u015f\u0131l\u0131kl\u0131d\u0131r. 10pm yast\u0131k k\u0131l\u0131flar\u0131, uzun s\u00fcreli kullan\u0131m ve makinede y\u0131kanabilir \u015fekilde tasarlanm\u0131\u015ft\u0131r. L\u00fctfen bak\u0131m talimat\u0131 ayr\u0131nt\u0131larn\u0131 inceleyiniz.[\/vc_column_text][\/vc_column][\/vc_row]<\/p>\n","protected":false},"excerpt":{"rendered":"<p>Gece cilt bak\u0131m rit\u00fceliniz olmak i\u00e7in tasarland\u0131.<\/p>\n<p>Y\u00fcksek dereceli 22mm ve 600+ ilmek dokumal\u0131 %100 saf dut ipe\u011finden sertifikal\u0131 olarak \u00fcretilen 10pm yast\u0131k k\u0131l\u0131f\u0131 ve uyku maskesi cildiniz, sa\u00e7\u0131n\u0131z ve uyku d\u00fczeniniz i\u00e7in bir\u00e7ok faydaya sahip bir cilt bak\u0131m k\u00fcr\u00fcd\u00fcr.<\/p>\n<p>Bir adet yast\u0131k k\u0131l\u0131f\u0131 ve uyku maskesi i\u00e7ermektedir.<\/p>\n<p><img loading=\"lazy\" decoding=\"async\" class=\"alignnone wp-image-3341 size-full\" src=\"https:\/\/www.the10pm.com\/wp-content\/uploads\/2021\/02\/urun-set-thumb-city-deactive.png\" alt=\"\" width=\"40\" height=\"40\" \/> \u00a0<a href=\"https:\/\/www.the10pm.com\/urun\/guzellik-seti-chardonnay\/\"><img loading=\"lazy\" decoding=\"async\" class=\"alignnone wp-image-3343 size-full\" src=\"https:\/\/www.the10pm.com\/wp-content\/uploads\/2021\/02\/urun-set-thumb-chardonnay.png\" alt=\"\" width=\"40\" height=\"40\" \/><\/a> \u00a0<a href=\"https:\/\/www.the10pm.com\/urun\/guzellik-seti-mereng\/\"><img loading=\"lazy\" decoding=\"async\" class=\"alignnone wp-image-3345 size-full\" src=\"https:\/\/www.the10pm.com\/wp-content\/uploads\/2021\/02\/urun-set-thumb-mereng.png\" alt=\"\" width=\"40\" height=\"40\" \/><\/a> \u00a0<a href=\"https:\/\/www.the10pm.com\/urun\/guzellik-seti-midnight\/\"><img loading=\"lazy\" decoding=\"async\" class=\"alignnone wp-image-3347 size-full\" src=\"https:\/\/www.the10pm.com\/wp-content\/uploads\/2021\/02\/urun-set-thumb-midnight.png\" alt=\"\" width=\"40\" height=\"40\" \/><\/a>\u00a0 <a href=\"https:\/\/www.the10pm.com\/urun\/guzellik-seti-rain\/\"><img loading=\"lazy\" decoding=\"async\" class=\"alignnone wp-image-3349 size-full\" src=\"https:\/\/www.the10pm.com\/wp-content\/uploads\/2021\/02\/urun-set-thumb-rain.png\" alt=\"\" width=\"40\" height=\"40\" \/><\/a> \u00a0<a href=\"https:\/\/www.the10pm.com\/urun\/guzellik-seti-shy\/\"><img loading=\"lazy\" decoding=\"async\" class=\"alignnone wp-image-3351 size-full\" src=\"https:\/\/www.the10pm.com\/wp-content\/uploads\/2021\/02\/urun-set-thumb-shy.png\" alt=\"\" width=\"40\" height=\"40\" \/><\/a><\/p>\n","protected":false},"featured_media":3533,"comment_status":"closed","ping_status":"closed","template":"","meta":{"om_disable_all_campaigns":false},"product_brand":[],"product_cat":[82,79],"product_tag":[],"class_list":{"0":"post-3865","1":"product","2":"type-product","3":"status-publish","4":"has-post-thumbnail","6":"product_cat-beauty-sets","7":"product_cat-guzellik-setleri","9":"first","10":"instock","11":"taxable","12":"shipping-taxable","13":"purchasable","14":"product-type-simple"},"_links":{"self":[{"href":"https:\/\/www.the10pm.com\/en\/wp-json\/wp\/v2\/product\/3865","targetHints":{"allow":["GET"]}}],"collection":[{"href":"https:\/\/www.the10pm.com\/en\/wp-json\/wp\/v2\/product"}],"about":[{"href":"https:\/\/www.the10pm.com\/en\/wp-json\/wp\/v2\/types\/product"}],"replies":[{"embeddable":true,"href":"https:\/\/www.the10pm.com\/en\/wp-json\/wp\/v2\/comments?post=3865"}],"wp:featuredmedia":[{"embeddable":true,"href":"https:\/\/www.the10pm.com\/en\/wp-json\/wp\/v2\/media\/3533"}],"wp:attachment":[{"href":"https:\/\/www.the10pm.com\/en\/wp-json\/wp\/v2\/media?parent=3865"}],"wp:term":[{"taxonomy":"product_brand","embeddable":true,"href":"https:\/\/www.the10pm.com\/en\/wp-json\/wp\/v2\/product_brand?post=3865"},{"taxonomy":"product_cat","embeddable":true,"href":"https:\/\/www.the10pm.com\/en\/wp-json\/wp\/v2\/product_cat?post=3865"},{"taxonomy":"product_tag","embeddable":true,"href":"https:\/\/www.the10pm.com\/en\/wp-json\/wp\/v2\/product_tag?post=3865"}],"curies":[{"name":"wp","href":"https:\/\/api.w.org\/{rel}","templated":true}]}}