{"id":3862,"date":"2021-02-18T12:55:24","date_gmt":"2021-02-18T09:55:24","guid":{"rendered":"https:\/\/www.the10pm.com\/product\/sac-tokasi-lilac\/"},"modified":"2021-03-28T19:47:36","modified_gmt":"2021-03-28T16:47:36","slug":"sac-tokasi-lilac","status":"publish","type":"product","link":"https:\/\/www.the10pm.com\/en\/product\/sac-tokasi-lilac\/","title":{"rendered":"Lilac"},"content":{"rendered":"<p>[vc_row equal_height=&#8221;yes&#8221; content_placement=&#8221;middle&#8221;][vc_column][vc_column_text]Her bir 10pm \u00fcr\u00fcn\u00fcnde <a href=\"https:\/\/www.the10pm.com\/oeko-tex\/\"><u>Uluslararas\u0131<\/u> <u>Oeko-Tex<\/u><u>\u00ae Standard 100<\/u><\/a> sertifikal\u0131 en y\u00fcksek kaliteli malzemeler kullan\u0131lmaktad\u0131r. \u00dcretim s\u00fcrecinde hi\u00e7bir zararl\u0131 boya ve toksik kimyasal madde\u00a0 kullan\u0131lmamaktad\u0131r.<\/p>\n<ul>\n<li>Do\u011fal ipe\u011fin yumu\u015fakl\u0131\u011f\u0131 sayesinde sa\u00e7\u0131n\u0131zda toka nedeniyle olu\u015fan k\u0131r\u0131klar\u0131 %90\u2019a kadar engeller ve sa\u011fl\u0131kl\u0131 uzamas\u0131na yard\u0131mc\u0131 olur.<\/li>\n<li>Sa\u00e7\u0131n\u0131z\u0131n nemini koruyarak g\u00fcn boyu sa\u011fl\u0131kl\u0131 hissetmesini sa\u011flamak i\u00e7in tasarlanm\u0131\u015f do\u011fal proteinler ve amino asitler bak\u0131m\u0131ndan zengindir.<\/li>\n<li>Sa\u00e7\u0131n\u0131za bak\u0131m yaparken ayn\u0131 zamanda stilinizi tamamlayan bir aksesuard\u0131r.<\/li>\n<\/ul>\n<p>[\/vc_column_text][\/vc_column][\/vc_row]<\/p>\n","protected":false},"excerpt":{"rendered":"<p>10pm sa\u00e7 tokas\u0131 22mm %100 saf ipekten yap\u0131lm\u0131\u015ft\u0131r.<\/p>\n<p>17*17cm \u00f6l\u00e7\u00fclerinde tasarlanm\u0131\u015ft\u0131r.<\/p>\n<p><a href=\"https:\/\/www.the10pm.com\/urun\/sac-tokasi-black\/\"><img loading=\"lazy\" decoding=\"async\" class=\"alignnone wp-image-3305 size-full\" src=\"https:\/\/www.the10pm.com\/wp-content\/uploads\/2021\/02\/urun-toka-thumb-black.png\" alt=\"\" width=\"40\" height=\"40\" \/><\/a> \u00a0<img loading=\"lazy\" decoding=\"async\" class=\"alignnone wp-image-3307 size-full\" src=\"https:\/\/www.the10pm.com\/wp-content\/uploads\/2021\/02\/urun-toka-thumb-lila-deactive.png\" alt=\"\" width=\"40\" height=\"40\" \/> \u00a0<a href=\"https:\/\/www.the10pm.com\/urun\/sac-tokasi-mint\/\"><img loading=\"lazy\" decoding=\"async\" class=\"alignnone wp-image-3296 size-full\" src=\"https:\/\/www.the10pm.com\/wp-content\/uploads\/2021\/02\/urun-toka-thumb-mint.png\" alt=\"\" width=\"40\" height=\"40\" \/><\/a> \u00a0<a href=\"https:\/\/www.the10pm.com\/urun\/sac-tokasi-beige\/\"><img loading=\"lazy\" decoding=\"async\" class=\"alignnone wp-image-3300 size-full\" src=\"https:\/\/www.the10pm.com\/wp-content\/uploads\/2021\/02\/urun-toka-thumb-bej.png\" alt=\"\" width=\"40\" height=\"40\" \/><\/a><\/p>\n","protected":false},"featured_media":3519,"comment_status":"closed","ping_status":"closed","template":"","meta":{"om_disable_all_campaigns":false},"product_brand":[],"product_cat":[78,84],"product_tag":[],"class_list":{"0":"post-3862","1":"product","2":"type-product","3":"status-publish","4":"has-post-thumbnail","6":"product_cat-sac-tokalari","7":"product_cat-scrunchies","9":"first","10":"instock","11":"taxable","12":"shipping-taxable","13":"purchasable","14":"product-type-simple"},"_links":{"self":[{"href":"https:\/\/www.the10pm.com\/en\/wp-json\/wp\/v2\/product\/3862","targetHints":{"allow":["GET"]}}],"collection":[{"href":"https:\/\/www.the10pm.com\/en\/wp-json\/wp\/v2\/product"}],"about":[{"href":"https:\/\/www.the10pm.com\/en\/wp-json\/wp\/v2\/types\/product"}],"replies":[{"embeddable":true,"href":"https:\/\/www.the10pm.com\/en\/wp-json\/wp\/v2\/comments?post=3862"}],"wp:featuredmedia":[{"embeddable":true,"href":"https:\/\/www.the10pm.com\/en\/wp-json\/wp\/v2\/media\/3519"}],"wp:attachment":[{"href":"https:\/\/www.the10pm.com\/en\/wp-json\/wp\/v2\/media?parent=3862"}],"wp:term":[{"taxonomy":"product_brand","embeddable":true,"href":"https:\/\/www.the10pm.com\/en\/wp-json\/wp\/v2\/product_brand?post=3862"},{"taxonomy":"product_cat","embeddable":true,"href":"https:\/\/www.the10pm.com\/en\/wp-json\/wp\/v2\/product_cat?post=3862"},{"taxonomy":"product_tag","embeddable":true,"href":"https:\/\/www.the10pm.com\/en\/wp-json\/wp\/v2\/product_tag?post=3862"}],"curies":[{"name":"wp","href":"https:\/\/api.w.org\/{rel}","templated":true}]}}