{"id":3860,"date":"2021-02-18T11:41:54","date_gmt":"2021-02-18T08:41:54","guid":{"rendered":"https:\/\/www.the10pm.com\/product\/uyku-maskesi-shy\/"},"modified":"2021-04-07T13:44:05","modified_gmt":"2021-04-07T10:44:05","slug":"uyku-maskesi-shy","status":"publish","type":"product","link":"https:\/\/www.the10pm.com\/en\/product\/uyku-maskesi-shy\/","title":{"rendered":"Shy"},"content":{"rendered":"<p>[vc_row equal_height=&#8221;yes&#8221; content_placement=&#8221;middle&#8221;][vc_column][vc_column_text]Her bir 10pm \u00fcr\u00fcn\u00fcnde <a href=\"https:\/\/www.the10pm.com\/oeko-tex\/\"><u>Uluslararas\u0131<\/u> <u>Oeko-Tex<\/u><u>\u00ae Standard 100<\/u><\/a> sertifikal\u0131 en y\u00fcksek kaliteli malzemeler kullan\u0131lmaktad\u0131r. \u00dcretim s\u00fcrecinde hi\u00e7bir zararl\u0131 boya ve toksik kimyasal madde\u00a0 kullan\u0131lmamaktad\u0131r.<\/p>\n<ul>\n<li>Saf ipek uyku maskemiz uykunuz i\u00e7in gerekli tam karanl\u0131\u011f\u0131 sa\u011flayarak uykunuzun b\u00f6l\u00fcnmesini engeller.<\/li>\n<li>\u0130pe\u011fin do\u011fal anti-emici nitelikleri nem kayb\u0131n\u0131 azalt\u0131r ve g\u00f6z kreminizi emmeyerek etki s\u00fcresini uzat\u0131r.<\/li>\n<li>G\u00f6z \u00e7evresinin hassas dokusu i\u00e7in gerekli olan cilt bak\u0131m\u0131n\u0131 yaparak ince \u00e7izgileri, k\u0131r\u0131\u015f\u0131kl\u0131klar\u0131 ve morluklar\u0131 azalt\u0131r.<\/li>\n<\/ul>\n<p>\u00d6zen kar\u015f\u0131l\u0131kl\u0131d\u0131r. L\u00fctfen ayr\u0131nt\u0131lar i\u00e7in bak\u0131m talimatlar\u0131n\u0131 inceleyiniz.[\/vc_column_text][\/vc_column][\/vc_row]<\/p>\n","protected":false},"excerpt":{"rendered":"<p>10pm uyku maskelerinin i\u00e7i ve d\u0131\u015f\u0131 22mm %100 saf ipekten olu\u015fur.<br \/>\nSaf ipek dolgu, ipek i\u00e7 astar ve ipek kapl\u0131 elastik banttan yap\u0131lm\u0131\u015ft\u0131r.<\/p>\n<p><a href=\"https:\/\/www.the10pm.com\/urun\/uyku-maskesi-city\/\"><img loading=\"lazy\" decoding=\"async\" class=\"alignnone wp-image-3247 size-full\" src=\"https:\/\/www.the10pm.com\/wp-content\/uploads\/2021\/02\/urun-uyku-maskesi-thumb-city.png\" alt=\"\" width=\"40\" height=\"40\" \/><\/a> \u00a0<a href=\"https:\/\/www.the10pm.com\/urun\/uyku-maskesi-leopard\/\"><img loading=\"lazy\" decoding=\"async\" class=\"alignnone wp-image-3234 size-full\" src=\"https:\/\/www.the10pm.com\/wp-content\/uploads\/2021\/02\/urun-uyku-maskesi-thumb-leopard.png\" alt=\"\" width=\"40\" height=\"40\" \/><\/a> \u00a0<a href=\"https:\/\/www.the10pm.com\/urun\/uyku-maskesi-midnight\/\"><img loading=\"lazy\" decoding=\"async\" class=\"alignnone wp-image-3236 size-full\" src=\"https:\/\/www.the10pm.com\/wp-content\/uploads\/2021\/02\/urun-uyku-maskesi-thumb-midnight.png\" alt=\"\" width=\"40\" height=\"40\" \/><\/a> \u00a0<a href=\"https:\/\/www.the10pm.com\/urun\/uyku-maskesi-rain\/\"><img loading=\"lazy\" decoding=\"async\" class=\"alignnone wp-image-3238 size-full\" src=\"https:\/\/www.the10pm.com\/wp-content\/uploads\/2021\/02\/urun-uyku-maskesi-thumb-rain.png\" alt=\"\" width=\"40\" height=\"40\" \/><\/a>\u00a0 <img loading=\"lazy\" decoding=\"async\" class=\"alignnone wp-image-3272 size-full\" src=\"https:\/\/www.the10pm.com\/wp-content\/uploads\/2021\/02\/urun-uyku-maskesi-thumb-shy-deactive.png\" alt=\"\" width=\"40\" height=\"40\" \/><\/p>\n","protected":false},"featured_media":3500,"comment_status":"closed","ping_status":"closed","template":"","meta":{"om_disable_all_campaigns":false},"product_brand":[],"product_cat":[83,76],"product_tag":[],"class_list":{"0":"post-3860","1":"product","2":"type-product","3":"status-publish","4":"has-post-thumbnail","6":"product_cat-sleeping-masks","7":"product_cat-uyku-maskeleri","9":"first","10":"instock","11":"taxable","12":"shipping-taxable","13":"purchasable","14":"product-type-simple"},"_links":{"self":[{"href":"https:\/\/www.the10pm.com\/en\/wp-json\/wp\/v2\/product\/3860","targetHints":{"allow":["GET"]}}],"collection":[{"href":"https:\/\/www.the10pm.com\/en\/wp-json\/wp\/v2\/product"}],"about":[{"href":"https:\/\/www.the10pm.com\/en\/wp-json\/wp\/v2\/types\/product"}],"replies":[{"embeddable":true,"href":"https:\/\/www.the10pm.com\/en\/wp-json\/wp\/v2\/comments?post=3860"}],"wp:featuredmedia":[{"embeddable":true,"href":"https:\/\/www.the10pm.com\/en\/wp-json\/wp\/v2\/media\/3500"}],"wp:attachment":[{"href":"https:\/\/www.the10pm.com\/en\/wp-json\/wp\/v2\/media?parent=3860"}],"wp:term":[{"taxonomy":"product_brand","embeddable":true,"href":"https:\/\/www.the10pm.com\/en\/wp-json\/wp\/v2\/product_brand?post=3860"},{"taxonomy":"product_cat","embeddable":true,"href":"https:\/\/www.the10pm.com\/en\/wp-json\/wp\/v2\/product_cat?post=3860"},{"taxonomy":"product_tag","embeddable":true,"href":"https:\/\/www.the10pm.com\/en\/wp-json\/wp\/v2\/product_tag?post=3860"}],"curies":[{"name":"wp","href":"https:\/\/api.w.org\/{rel}","templated":true}]}}